{"id":1647,"date":"2023-08-10T14:21:52","date_gmt":"2023-08-10T14:21:52","guid":{"rendered":"https:\/\/escolainfantilbubela.com\/?page_id=1647"},"modified":"2023-08-10T15:46:09","modified_gmt":"2023-08-10T15:46:09","slug":"comunicacion-a-las-familias","status":"publish","type":"page","link":"https:\/\/escolainfantilbubela.com\/gl\/comunicacion-a-las-familias\/","title":{"rendered":"Comunicaci\u00f3n a las familias"},"content":{"rendered":"<div data-elementor-type=\"wp-page\" data-elementor-id=\"1647\" class=\"elementor elementor-1647\">\n\t\t\t\t\t\t\t\t\t<section class=\"elementor-section elementor-top-section elementor-element elementor-element-5bbf302 elementor-section-boxed elementor-section-height-default elementor-section-height-default\" data-id=\"5bbf302\" data-element_type=\"section\" data-settings=\"{&quot;background_background&quot;:&quot;classic&quot;}\">\n\t\t\t\t\t\t<div class=\"elementor-container elementor-column-gap-default\">\n\t\t\t\t\t<div class=\"elementor-column elementor-col-100 elementor-top-column elementor-element elementor-element-6dd26e5\" data-id=\"6dd26e5\" data-element_type=\"column\">\n\t\t\t<div class=\"elementor-widget-wrap elementor-element-populated\">\n\t\t\t\t\t\t\t\t<div class=\"elementor-element elementor-element-20c04e0 elementor-widget elementor-widget-spacer\" data-id=\"20c04e0\" data-element_type=\"widget\" data-widget_type=\"spacer.default\">\n\t\t\t\t<div class=\"elementor-widget-container\">\n\t\t\t<style>\/*! elementor - v3.17.0 - 01-11-2023 *\/\n.elementor-column .elementor-spacer-inner{height:var(--spacer-size)}.e-con{--container-widget-width:100%}.e-con-inner>.elementor-widget-spacer,.e-con>.elementor-widget-spacer{width:var(--container-widget-width,var(--spacer-size));--align-self:var(--container-widget-align-self,initial);--flex-shrink:0}.e-con-inner>.elementor-widget-spacer>.elementor-widget-container,.e-con>.elementor-widget-spacer>.elementor-widget-container{height:100%;width:100%}.e-con-inner>.elementor-widget-spacer>.elementor-widget-container>.elementor-spacer,.e-con>.elementor-widget-spacer>.elementor-widget-container>.elementor-spacer{height:100%}.e-con-inner>.elementor-widget-spacer>.elementor-widget-container>.elementor-spacer>.elementor-spacer-inner,.e-con>.elementor-widget-spacer>.elementor-widget-container>.elementor-spacer>.elementor-spacer-inner{height:var(--container-widget-height,var(--spacer-size))}.e-con-inner>.elementor-widget-spacer.elementor-widget-empty,.e-con>.elementor-widget-spacer.elementor-widget-empty{position:relative;min-height:22px;min-width:22px}.e-con-inner>.elementor-widget-spacer.elementor-widget-empty .elementor-widget-empty-icon,.e-con>.elementor-widget-spacer.elementor-widget-empty .elementor-widget-empty-icon{position:absolute;top:0;bottom:0;left:0;right:0;margin:auto;padding:0;width:22px;height:22px}<\/style>\t\t<div class=\"elementor-spacer\">\n\t\t\t<div class=\"elementor-spacer-inner\"><\/div>\n\t\t<\/div>\n\t\t\t\t<\/div>\n\t\t\t\t<\/div>\n\t\t\t\t<div class=\"elementor-element elementor-element-cce49a2 elementor-widget elementor-widget-heading\" data-id=\"cce49a2\" data-element_type=\"widget\" data-widget_type=\"heading.default\">\n\t\t\t\t<div class=\"elementor-widget-container\">\n\t\t\t<style>\/*! elementor - v3.17.0 - 01-11-2023 *\/\n.elementor-heading-title{padding:0;margin:0;line-height:1}.elementor-widget-heading .elementor-heading-title[class*=elementor-size-]>a{color:inherit;font-size:inherit;line-height:inherit}.elementor-widget-heading .elementor-heading-title.elementor-size-small{font-size:15px}.elementor-widget-heading .elementor-heading-title.elementor-size-medium{font-size:19px}.elementor-widget-heading .elementor-heading-title.elementor-size-large{font-size:29px}.elementor-widget-heading .elementor-heading-title.elementor-size-xl{font-size:39px}.elementor-widget-heading .elementor-heading-title.elementor-size-xxl{font-size:59px}<\/style><h2 class=\"elementor-heading-title elementor-size-default\">Comunicado a todas as familias<\/h2>\t\t<\/div>\n\t\t\t\t<\/div>\n\t\t\t\t<section class=\"elementor-section elementor-inner-section elementor-element elementor-element-ad177a4 elementor-section-boxed elementor-section-height-default elementor-section-height-default\" data-id=\"ad177a4\" data-element_type=\"section\">\n\t\t\t\t\t\t<div class=\"elementor-container elementor-column-gap-no\">\n\t\t\t\t\t<div class=\"elementor-column elementor-col-50 elementor-inner-column elementor-element elementor-element-2dedd1d\" data-id=\"2dedd1d\" data-element_type=\"column\">\n\t\t\t<div class=\"elementor-widget-wrap elementor-element-populated\">\n\t\t\t\t\t\t\t\t<div class=\"elementor-element elementor-element-ddb336f cont-bubela3 elementor-widget elementor-widget-image\" data-id=\"ddb336f\" data-element_type=\"widget\" data-widget_type=\"image.default\">\n\t\t\t\t<div class=\"elementor-widget-container\">\n\t\t\t<style>\/*! elementor - v3.17.0 - 01-11-2023 *\/\n.elementor-widget-image{text-align:center}.elementor-widget-image a{display:inline-block}.elementor-widget-image a img[src$=\".svg\"]{width:48px}.elementor-widget-image img{vertical-align:middle;display:inline-block}<\/style>\t\t\t\t\t\t\t\t\t\t\t\t<img loading=\"lazy\" decoding=\"async\" width=\"1024\" height=\"1024\" src=\"https:\/\/escolainfantilbubela.com\/wp-content\/uploads\/2021\/11\/flores.svg\" class=\"attachment-large size-large wp-image-255\" alt=\"Bubela una escuela innovadora, amable y respetuosa con la infancia y el entorno.\" \/>\t\t\t\t\t\t\t\t\t\t\t\t\t\t\t<\/div>\n\t\t\t\t<\/div>\n\t\t\t\t\t<\/div>\n\t\t<\/div>\n\t\t\t\t<div class=\"elementor-column elementor-col-50 elementor-inner-column elementor-element elementor-element-86f5d96\" data-id=\"86f5d96\" data-element_type=\"column\">\n\t\t\t<div class=\"elementor-widget-wrap elementor-element-populated\">\n\t\t\t\t\t\t\t\t<div class=\"elementor-element elementor-element-296d657 elementor-widget elementor-widget-text-editor\" data-id=\"296d657\" data-element_type=\"widget\" data-widget_type=\"text-editor.default\">\n\t\t\t\t<div class=\"elementor-widget-container\">\n\t\t\t<style>\/*! elementor - v3.17.0 - 01-11-2023 *\/\n.elementor-widget-text-editor.elementor-drop-cap-view-stacked .elementor-drop-cap{background-color:#69727d;color:#fff}.elementor-widget-text-editor.elementor-drop-cap-view-framed .elementor-drop-cap{color:#69727d;border:3px solid;background-color:transparent}.elementor-widget-text-editor:not(.elementor-drop-cap-view-default) .elementor-drop-cap{margin-top:8px}.elementor-widget-text-editor:not(.elementor-drop-cap-view-default) .elementor-drop-cap-letter{width:1em;height:1em}.elementor-widget-text-editor .elementor-drop-cap{float:left;text-align:center;line-height:1;font-size:50px}.elementor-widget-text-editor .elementor-drop-cap-letter{display:inline-block}<\/style>\t\t\t\t<p>A Xerencia de Escola Infantil Bubela SL. qu\u00e9revos transmitir os seguintes aspectos de interese que, a\u00ednda que volo comentamos sempre na reuni\u00f3n que mantemos cono v\u00f3s, gust\u00e1banos poder deixalo por escrito:<\/p><p>\u2022 Que este Centro conforme \u00e1 normativa vixente abrir\u00e1 un m\u00ednimo de oito horas, en xornada partida ou continuada, cinco d\u00edas \u00e1 semana de luns a venres e os doce meses do ano.<\/p><p>\u2022 Os d\u00edas que o centro permanecer\u00e1 pechado ser\u00e1 os d\u00edas 7, 24 e 31 de decembro. O M\u00e9rcores Santo e o luns do entroido.<\/p><p>\u2022 Como n\u00f3s tam\u00e9n debemos descansar, o mes de agosto permanecer\u00e1 pechada a Escola.<\/p><p>\u2022 A bonificaci\u00f3n que se recibe da Xunta de Galicia o polo 100% do prezo correspondente \u00e1 atenci\u00f3n educativa prestada aos nenos e as nenas da Comunidade Aut\u00f3noma de Galicia entre o 1 de setembro de 2022 e o 31 de agosto de 2023 exclu\u00eddo o mes de vacaci\u00f3ns do menor.<\/p><p>\u2022 As familias podes escoller libremente o mes que se excl\u00fae do per\u00edodo subvencionable sempre que non se faga coincidir co mes no que o Centro estar\u00e1 pechado por causa da necesaria conciliaci\u00f3n da vida laboral coa vida persoal do noso equipo.<\/p><p>\u2022 As familias poden escoller o mes de vacaci\u00f3ns por semanas, quinces ou un mes enteiro.<\/p><p>\u2022 A escola disp\u00f3n de libre de reclamaci\u00f3ns<\/p><p>\u2022 Os pais poden remitir calquera queixa e reclamaci\u00f3n \u00e1 unidade de inspecci\u00f3n de servizos sociais da Xunta de Galicia.<\/p><p style=\"text-align: right;\">Para que as\u00ed conste, 01 de agosto de 2023.<\/p><p style=\"text-align: right;\">A Xerencia de Escola Infantil Bubela.<\/p>\t\t\t\t\t\t<\/div>\n\t\t\t\t<\/div>\n\t\t\t\t\t<\/div>\n\t\t<\/div>\n\t\t\t\t\t\t\t<\/div>\n\t\t<\/section>\n\t\t\t\t\t<\/div>\n\t\t<\/div>\n\t\t\t\t\t\t\t<\/div>\n\t\t<\/section>\n\t\t\t\t\t\t\t<\/div>","protected":false},"excerpt":{"rendered":"<p>Comunicado a todas las familias La Gerencia de Escola Infantil Bubela SL. os quiere transmitir los siguientes aspectos de inter\u00e9s que, aunque os lo comentamos siempre en la reuni\u00f3n que mantenemos cono vosotros, nos gustaba poder dejarlo por escrito: \u2022 Que este Centro conforme a la normativa vigente abrir\u00e1 un m\u00ednimo de ocho horas, en [&hellip;]<\/p>","protected":false},"author":1,"featured_media":0,"parent":0,"menu_order":0,"comment_status":"closed","ping_status":"closed","template":"","meta":{"inline_featured_image":false,"footnotes":""},"class_list":["post-1647","page","type-page","status-publish","hentry"],"_links":{"self":[{"href":"https:\/\/escolainfantilbubela.com\/gl\/wp-json\/wp\/v2\/pages\/1647","targetHints":{"allow":["GET"]}}],"collection":[{"href":"https:\/\/escolainfantilbubela.com\/gl\/wp-json\/wp\/v2\/pages"}],"about":[{"href":"https:\/\/escolainfantilbubela.com\/gl\/wp-json\/wp\/v2\/types\/page"}],"author":[{"embeddable":true,"href":"https:\/\/escolainfantilbubela.com\/gl\/wp-json\/wp\/v2\/users\/1"}],"replies":[{"embeddable":true,"href":"https:\/\/escolainfantilbubela.com\/gl\/wp-json\/wp\/v2\/comments?post=1647"}],"version-history":[{"count":22,"href":"https:\/\/escolainfantilbubela.com\/gl\/wp-json\/wp\/v2\/pages\/1647\/revisions"}],"predecessor-version":[{"id":1679,"href":"https:\/\/escolainfantilbubela.com\/gl\/wp-json\/wp\/v2\/pages\/1647\/revisions\/1679"}],"wp:attachment":[{"href":"https:\/\/escolainfantilbubela.com\/gl\/wp-json\/wp\/v2\/media?parent=1647"}],"curies":[{"name":"wp","href":"https:\/\/api.w.org\/{rel}","templated":true}]}}