{"id":1662,"date":"2023-08-10T14:29:05","date_gmt":"2023-08-10T14:29:05","guid":{"rendered":"https:\/\/escolainfantilbubela.com\/?page_id=1662"},"modified":"2023-08-10T15:31:13","modified_gmt":"2023-08-10T15:31:13","slug":"que-hacemos-con-la-reserva-para-la-inscripcion-en-bubela","status":"publish","type":"page","link":"https:\/\/escolainfantilbubela.com\/gl\/que-hacemos-con-la-reserva-para-la-inscripcion-en-bubela\/","title":{"rendered":"\u00bfQue facemos coa reserva para a inscrici\u00f3n en Bubela?"},"content":{"rendered":"<div data-elementor-type=\"wp-page\" data-elementor-id=\"1662\" class=\"elementor elementor-1662\">\n\t\t\t\t\t\t\t\t\t<section class=\"elementor-section elementor-top-section elementor-element elementor-element-e2083df elementor-section-boxed elementor-section-height-default elementor-section-height-default\" data-id=\"e2083df\" data-element_type=\"section\" data-settings=\"{&quot;background_background&quot;:&quot;classic&quot;}\">\n\t\t\t\t\t\t<div class=\"elementor-container elementor-column-gap-default\">\n\t\t\t\t\t<div class=\"elementor-column elementor-col-100 elementor-top-column elementor-element elementor-element-6e7dd84\" data-id=\"6e7dd84\" data-element_type=\"column\">\n\t\t\t<div class=\"elementor-widget-wrap elementor-element-populated\">\n\t\t\t\t\t\t\t\t<div class=\"elementor-element elementor-element-90086d4 elementor-widget elementor-widget-spacer\" data-id=\"90086d4\" data-element_type=\"widget\" data-widget_type=\"spacer.default\">\n\t\t\t\t<div class=\"elementor-widget-container\">\n\t\t\t<style>\/*! elementor - v3.17.0 - 01-11-2023 *\/\n.elementor-column .elementor-spacer-inner{height:var(--spacer-size)}.e-con{--container-widget-width:100%}.e-con-inner>.elementor-widget-spacer,.e-con>.elementor-widget-spacer{width:var(--container-widget-width,var(--spacer-size));--align-self:var(--container-widget-align-self,initial);--flex-shrink:0}.e-con-inner>.elementor-widget-spacer>.elementor-widget-container,.e-con>.elementor-widget-spacer>.elementor-widget-container{height:100%;width:100%}.e-con-inner>.elementor-widget-spacer>.elementor-widget-container>.elementor-spacer,.e-con>.elementor-widget-spacer>.elementor-widget-container>.elementor-spacer{height:100%}.e-con-inner>.elementor-widget-spacer>.elementor-widget-container>.elementor-spacer>.elementor-spacer-inner,.e-con>.elementor-widget-spacer>.elementor-widget-container>.elementor-spacer>.elementor-spacer-inner{height:var(--container-widget-height,var(--spacer-size))}.e-con-inner>.elementor-widget-spacer.elementor-widget-empty,.e-con>.elementor-widget-spacer.elementor-widget-empty{position:relative;min-height:22px;min-width:22px}.e-con-inner>.elementor-widget-spacer.elementor-widget-empty .elementor-widget-empty-icon,.e-con>.elementor-widget-spacer.elementor-widget-empty .elementor-widget-empty-icon{position:absolute;top:0;bottom:0;left:0;right:0;margin:auto;padding:0;width:22px;height:22px}<\/style>\t\t<div class=\"elementor-spacer\">\n\t\t\t<div class=\"elementor-spacer-inner\"><\/div>\n\t\t<\/div>\n\t\t\t\t<\/div>\n\t\t\t\t<\/div>\n\t\t\t\t<div class=\"elementor-element elementor-element-16bf769 elementor-widget elementor-widget-heading\" data-id=\"16bf769\" data-element_type=\"widget\" data-widget_type=\"heading.default\">\n\t\t\t\t<div class=\"elementor-widget-container\">\n\t\t\t<style>\/*! elementor - v3.17.0 - 01-11-2023 *\/\n.elementor-heading-title{padding:0;margin:0;line-height:1}.elementor-widget-heading .elementor-heading-title[class*=elementor-size-]>a{color:inherit;font-size:inherit;line-height:inherit}.elementor-widget-heading .elementor-heading-title.elementor-size-small{font-size:15px}.elementor-widget-heading .elementor-heading-title.elementor-size-medium{font-size:19px}.elementor-widget-heading .elementor-heading-title.elementor-size-large{font-size:29px}.elementor-widget-heading .elementor-heading-title.elementor-size-xl{font-size:39px}.elementor-widget-heading .elementor-heading-title.elementor-size-xxl{font-size:59px}<\/style><h2 class=\"elementor-heading-title elementor-size-default\"> \u00bfQue facemos coa reserva para a inscrici\u00f3n en Bubela?<\/h2>\t\t<\/div>\n\t\t\t\t<\/div>\n\t\t\t\t<section class=\"elementor-section elementor-inner-section elementor-element elementor-element-eeb4974 elementor-section-boxed elementor-section-height-default elementor-section-height-default\" data-id=\"eeb4974\" data-element_type=\"section\">\n\t\t\t\t\t\t<div class=\"elementor-container elementor-column-gap-no\">\n\t\t\t\t\t<div class=\"elementor-column elementor-col-50 elementor-inner-column elementor-element elementor-element-ac019c4\" data-id=\"ac019c4\" data-element_type=\"column\">\n\t\t\t<div class=\"elementor-widget-wrap elementor-element-populated\">\n\t\t\t\t\t\t\t\t<div class=\"elementor-element elementor-element-74727ce cont-bubela3 elementor-widget elementor-widget-image\" data-id=\"74727ce\" data-element_type=\"widget\" data-widget_type=\"image.default\">\n\t\t\t\t<div class=\"elementor-widget-container\">\n\t\t\t<style>\/*! elementor - v3.17.0 - 01-11-2023 *\/\n.elementor-widget-image{text-align:center}.elementor-widget-image a{display:inline-block}.elementor-widget-image a img[src$=\".svg\"]{width:48px}.elementor-widget-image img{vertical-align:middle;display:inline-block}<\/style>\t\t\t\t\t\t\t\t\t\t\t\t<img loading=\"lazy\" decoding=\"async\" width=\"1024\" height=\"1024\" src=\"https:\/\/escolainfantilbubela.com\/wp-content\/uploads\/2021\/11\/flores.svg\" class=\"attachment-large size-large wp-image-255\" alt=\"Bubela una escuela innovadora, amable y respetuosa con la infancia y el entorno.\" \/>\t\t\t\t\t\t\t\t\t\t\t\t\t\t\t<\/div>\n\t\t\t\t<\/div>\n\t\t\t\t\t<\/div>\n\t\t<\/div>\n\t\t\t\t<div class=\"elementor-column elementor-col-50 elementor-inner-column elementor-element elementor-element-66d3218\" data-id=\"66d3218\" data-element_type=\"column\">\n\t\t\t<div class=\"elementor-widget-wrap elementor-element-populated\">\n\t\t\t\t\t\t\t\t<div class=\"elementor-element elementor-element-7e32b04 elementor-widget elementor-widget-text-editor\" data-id=\"7e32b04\" data-element_type=\"widget\" data-widget_type=\"text-editor.default\">\n\t\t\t\t<div class=\"elementor-widget-container\">\n\t\t\t<style>\/*! elementor - v3.17.0 - 01-11-2023 *\/\n.elementor-widget-text-editor.elementor-drop-cap-view-stacked .elementor-drop-cap{background-color:#69727d;color:#fff}.elementor-widget-text-editor.elementor-drop-cap-view-framed .elementor-drop-cap{color:#69727d;border:3px solid;background-color:transparent}.elementor-widget-text-editor:not(.elementor-drop-cap-view-default) .elementor-drop-cap{margin-top:8px}.elementor-widget-text-editor:not(.elementor-drop-cap-view-default) .elementor-drop-cap-letter{width:1em;height:1em}.elementor-widget-text-editor .elementor-drop-cap{float:left;text-align:center;line-height:1;font-size:50px}.elementor-widget-text-editor .elementor-drop-cap-letter{display:inline-block}<\/style>\t\t\t\t<p>Para a vosa organizaci\u00f3n como pais formalizastes unha reserva.<br \/>Esta reserva non se reintegra, pero comp\u00e9nsase co custo que asume Bubela con diferentes actividades que desenvolvemos cos vosos fillos ao longo do ano.<br \/>Deix\u00e1mosvolas sinaladas para os efectos de que te\u00f1ades constancia das mesmas.<br \/>\u2013 Talleres sensoriais mensuais que desenvolvemos cos nenos.<\/p><p>\u2013 Talleres experimentais estacionais (con acceso libre \u00e1s familias).<\/p><p>\u2013 Celebraci\u00f3n anual de la \u201cXuntanza Entroido\u201d.<\/p><p>\u2013 Celebraci\u00f3ns de aniversarios.<\/p><p>\u2013 Celebraci\u00f3ns do Nadal I Agasallos dos Reis Magos.<\/p><p>\u2013 Sistema de pr\u00e9stamo de libros con renovaci\u00f3n mensuais de t\u00edtulos.<\/p><p>\u2013 Preparaci\u00f3n de los disfraces de Carnaval.<\/p><p>\u2013 Xuntanza de fin de curso (merendas cos nenos e nenas e coas s\u00faas familias) e animaci\u00f3n a cargo de Paco Nogueiras.<\/p>\t\t\t\t\t\t<\/div>\n\t\t\t\t<\/div>\n\t\t\t\t\t<\/div>\n\t\t<\/div>\n\t\t\t\t\t\t\t<\/div>\n\t\t<\/section>\n\t\t\t\t\t<\/div>\n\t\t<\/div>\n\t\t\t\t\t\t\t<\/div>\n\t\t<\/section>\n\t\t\t\t\t\t\t<\/div>","protected":false},"excerpt":{"rendered":"<p>\u00bfQu\u00e9 hacemos con la reserva para la inscripci\u00f3n en Bubela? Para vuestra organizaci\u00f3n como padres hab\u00e9is formalizado una reserva.Esta reserva no se reintegra, pero se compensa con el coste que asume Bubela con diferentes actividades que desarrollamos con vuestros hijos a lo largo del a\u00f1o.Os las dejamos se\u00f1aladas a los efectos de que teng\u00e1is constancia [&hellip;]<\/p>","protected":false},"author":1,"featured_media":0,"parent":0,"menu_order":0,"comment_status":"closed","ping_status":"closed","template":"","meta":{"inline_featured_image":false,"footnotes":""},"class_list":["post-1662","page","type-page","status-publish","hentry"],"_links":{"self":[{"href":"https:\/\/escolainfantilbubela.com\/gl\/wp-json\/wp\/v2\/pages\/1662","targetHints":{"allow":["GET"]}}],"collection":[{"href":"https:\/\/escolainfantilbubela.com\/gl\/wp-json\/wp\/v2\/pages"}],"about":[{"href":"https:\/\/escolainfantilbubela.com\/gl\/wp-json\/wp\/v2\/types\/page"}],"author":[{"embeddable":true,"href":"https:\/\/escolainfantilbubela.com\/gl\/wp-json\/wp\/v2\/users\/1"}],"replies":[{"embeddable":true,"href":"https:\/\/escolainfantilbubela.com\/gl\/wp-json\/wp\/v2\/comments?post=1662"}],"version-history":[{"count":4,"href":"https:\/\/escolainfantilbubela.com\/gl\/wp-json\/wp\/v2\/pages\/1662\/revisions"}],"predecessor-version":[{"id":1676,"href":"https:\/\/escolainfantilbubela.com\/gl\/wp-json\/wp\/v2\/pages\/1662\/revisions\/1676"}],"wp:attachment":[{"href":"https:\/\/escolainfantilbubela.com\/gl\/wp-json\/wp\/v2\/media?parent=1662"}],"curies":[{"name":"wp","href":"https:\/\/api.w.org\/{rel}","templated":true}]}}